{"id":317,"date":"2013-03-29T15:49:15","date_gmt":"2013-03-29T14:49:15","guid":{"rendered":"http:\/\/wp.gleitschirmfreunde-taunusstein.com\/?page_id=317"},"modified":"2023-08-31T12:22:24","modified_gmt":"2023-08-31T10:22:24","slug":"wetter-2","status":"publish","type":"page","link":"https:\/\/gleitschirmfreunde-taunusstein.de\/?page_id=317","title":{"rendered":"Wetter"},"content":{"rendered":"<p>&nbsp;<\/p>\n<h2><strong><span style=\"font-size: medium;\">Aktuelle Wetterinformationen<\/span><\/strong><\/h2>\n<p><span style=\"font-size: small;\">&#8230;ein schneller \u00dcberblick \u00fcber die aktuelle Wettersituation. Das wollen wir hier bieten. Neben den Grafiken findet ihr am Ende der Seite einige Links, die es euch erm\u00f6glichen noch mehr Informationen \u00fcber das Wetter in Erfahrung zu bringen.<\/span><\/p>\n<p><span style=\"font-size: small;\">Und f\u00fcr die, die es genau wissen wollen, haben wir auf unserer <a href=\"http:\/\/gleitschirmfreunde-taunusstein.de\/?page_id=334\">Aus- und Weiterbildungsseiten<\/a> noch mehr zum Thema Wetter zu bieten.<\/span><\/p>\n<p><span style=\"font-size: small;\">\u00a0<\/span><\/p>\n<p><span style=\"font-size: medium;\"><strong>Vorhersage<\/strong><\/span><\/p>\n<table dir=\"ltr\" style=\"width: 428px; height: 101px;\" border=\"0\" align=\"left\">\n<tbody>\n<tr>\n<td><span style=\"font-size: small;\">Heute<\/span><\/td>\n<td><span style=\"font-size: small;\"><a title=\"Heute, Wolken\" href=\"http:\/\/imkpc20.physik.uni-karlsruhe.de\/Animation_00_UTC_05Grad\/12_13.gif\" target=\"_blank\" rel=\"noopener noreferrer\">Wolken<\/a><\/span><\/td>\n<td><span style=\"font-size: small;\"><a title=\"Heute, Regen\" href=\"http:\/\/www.wetterzentrale.de\/pics\/Rmgfs153.html\" target=\"_blank\" rel=\"noopener noreferrer\">Regen<\/a><\/span><\/td>\n<td><span style=\"font-size: small;\"><a title=\"Heute, Wind\" href=\"http:\/\/www.wetterzentrale.de\/pics\/Rtavn1213.html\" target=\"_blank\" rel=\"noopener noreferrer\">Wind<\/a><\/span><\/td>\n<\/tr>\n<tr>\n<td><span style=\"font-size: small;\">Morgen<\/span><\/td>\n<td><span style=\"font-size: small;\"><a title=\"Morgen, Wolken\" href=\"http:\/\/imkpc20.physik.uni-karlsruhe.de\/Animation_00_UTC_05Grad\/36_13.gif\" target=\"_blank\" rel=\"noopener noreferrer\">Wolken<\/a><\/span><\/td>\n<td><span style=\"font-size: small;\"><a title=\"Morgen, Regen\" href=\"http:\/\/www.wetterzentrale.de\/pics\/Rmgfs393.html\" target=\"_blank\" rel=\"noopener noreferrer\">Regen <\/a><\/span><\/td>\n<td><span style=\"font-size: small;\"><a title=\"Morgen, Wind\" href=\"http:\/\/www.wetterzentrale.de\/pics\/Rtavn3613.html\" target=\"_blank\" rel=\"noopener noreferrer\">Wind<\/a><\/span><\/td>\n<\/tr>\n<tr>\n<td><span style=\"font-size: small;\">+3 Tage<\/span><\/td>\n<td><span style=\"font-size: small;\"><a title=\"+3 Tage, Wolken\" href=\"http:\/\/imkpc20.physik.uni-karlsruhe.de\/Animation_00_UTC_05Grad\/60_13.gif\" target=\"_blank\" rel=\"noopener noreferrer\">Wolken<\/a><\/span><\/td>\n<td><span style=\"font-size: small;\"><a title=\"+3 Tage, Regen\" href=\"http:\/\/www.wetterzentrale.de\/pics\/Rmgfs633.html\" target=\"_blank\" rel=\"noopener noreferrer\">Regen<\/a><\/span><\/td>\n<td><span style=\"font-size: small;\"><a title=\"+3 Tage, Wind\" href=\"http:\/\/www.wetterzentrale.de\/pics\/Rtavn6013.html\" target=\"_blank\" rel=\"noopener noreferrer\">Wind<\/a><\/span><\/td>\n<\/tr>\n<tr>\n<td><span style=\"font-size: small;\">+4 Tage<\/span><\/td>\n<td><span style=\"font-size: small;\"><a title=\"+4 Tage, Wolken\" href=\"http:\/\/imkpc20.physik.uni-karlsruhe.de\/Animation_00_UTC_05Grad\/84_13.gif\" target=\"_blank\" rel=\"noopener noreferrer\">Wolken<\/a><\/span><\/td>\n<td><span style=\"font-size: small;\"><a title=\"+4 Tage, Regen\" href=\"http:\/\/www.wetterzentrale.de\/pics\/Rmgfs873.html\" target=\"_blank\" rel=\"noopener noreferrer\">Regen<br \/>\n<\/a><\/span><\/td>\n<td><span style=\"font-size: small;\"><a title=\"+4 Tage, Wind\" href=\"http:\/\/www.wetterzentrale.de\/pics\/Rtavn8413.html\" target=\"_blank\" rel=\"noopener noreferrer\">Wind<\/a><\/span><\/td>\n<\/tr>\n<tr>\n<td><span style=\"font-size: small;\">Windprognose<\/span><\/td>\n<td><span style=\"font-size: small;\">\u00a0<a title=\"Windprognose, +12h\" href=\"http:\/\/www.wetterzentrale.de\/pics\/Rtavn0013.html\" target=\"_blank\" rel=\"noopener noreferrer\">+12h<\/a><\/span><\/td>\n<td><span style=\"font-size: small;\">\u00a0<a title=\"Windprognose, +24h\" href=\"http:\/\/www.wetterzentrale.de\/pics\/Rtavn2413.html\" target=\"_blank\" rel=\"noopener noreferrer\">+24h<\/a><\/span><\/td>\n<td><span style=\"font-size: small;\"><a title=\"Windprognose, +36h\" href=\"http:\/\/www.wetterzentrale.de\/pics\/Rtavn3613.html\" target=\"_blank\" rel=\"noopener noreferrer\">+36h<\/a><\/span><\/td>\n<\/tr>\n<tr>\n<td><span style=\"font-size: small;\">Flugwetterbericht<\/span><\/td>\n<td><span style=\"font-size: small;\"><a title=\"Flugwetterbericht, DWD\" href=\"http:\/\/www.dwd.de\/bvbw\/appmanager\/bvbw\/dwdwwwDesktop\/?_nfpb=true&amp;_pageLabel=_dwdwww_spezielle_nutzer_luftfahrt&amp;T52801598661179816505191gsbDocumentPath=Navigation%2FLuftfahrt%2FPublic%2Fluftsporberichte__zustimmung__node.html__nnn%3Dtrue&amp;_state=maximized&amp;_windowLabel=T52801598661179816505191\" target=\"_blank\" rel=\"noopener noreferrer\">DWD<\/a><\/span><\/td>\n<td><\/td>\n<td><\/td>\n<\/tr>\n<tr>\n<td><span style=\"font-size: small;\">\u00a0Windfinder<\/span><\/td>\n<td><span style=\"font-size: x-small;\">\u00a0<a href=\"http:\/\/www.windfinder.com\/forecast\/laufenselden\" target=\"_blank\" rel=\"noopener noreferrer\">Laufenselden<\/a><\/span><\/td>\n<td><a href=\"http:\/\/www.windfinder.com\/forecast\/halberg\" target=\"_blank\" rel=\"noopener noreferrer\"><span style=\"font-size: x-small;\">Wehen<\/span><\/a><\/td>\n<td><\/td>\n<\/tr>\n<\/tbody>\n<\/table>\n<p><span style=\"font-size: small;\">\u00a0<\/span><\/p>\n<p><span style=\"font-size: small;\">\u00a0<\/span><\/p>\n<p><span style=\"font-size: small;\">\u00a0<\/span><\/p>\n<p><span style=\"font-size: small;\">\u00a0<\/span><\/p>\n<p>&nbsp;<\/p>\n<p>&nbsp;<\/p>\n<p>&nbsp;<\/p>\n<p>&nbsp;<\/p>\n<p>&nbsp;<\/p>\n<p>Noch mehr Wetterinformationen gibt es in der <a title=\"Wetter-Linksammlung\" href=\"http:\/\/gleitschirmfreunde-taunusstein.de\/?page_id=416\" target=\"_blank\" rel=\"noopener noreferrer\">Wetter-Linksammlung<\/a>.<\/p>\n<p><span style=\"font-size: small;\">Ganz besonders m\u00f6chten wir die Wetterseite des DHV empfehlen. Volker Schwaniz gibt mit viel Sachverstand und Erfahrung eine hervoragenden \u00dcberblick \u00fcber die Europ\u00e4ische Wettersituation. Auch unsere Wetterseite hat sich einige Tipps von dort geholt. Danke an Volker Schwaniz und den DHV!<\/span><\/p>\n<table style=\"width: 418px; height: 22px;\" border=\"0\" align=\"left\">\n<tbody>\n<tr>\n<td><span style=\"font-size: small;\">DHV\u00a0\u00a0<\/span><\/td>\n<td><span style=\"font-size: small;\"><a title=\"DHV, Wetter\" href=\"http:\/\/www.dhv.de\/typo\/Wetter.10.0.html\" target=\"_blank\" rel=\"noopener noreferrer\">Wetter<\/a><\/span><\/td>\n<\/tr>\n<\/tbody>\n<\/table>\n<p>&nbsp;<\/p>\n<p>&nbsp;<\/p>\n<p>&nbsp;<\/p>\n","protected":false},"excerpt":{"rendered":"<p>&nbsp; Aktuelle Wetterinformationen &#8230;ein schneller \u00dcberblick \u00fcber die aktuelle Wettersituation. Das wollen wir hier bieten. Neben den Grafiken findet ihr am Ende der Seite einige Links, die es euch erm\u00f6glichen noch mehr Informationen \u00fcber das Wetter in Erfahrung zu bringen. Und f\u00fcr die, die es genau wissen wollen, haben wir \u2026 <a class=\"continue-reading-link\" href=\"https:\/\/gleitschirmfreunde-taunusstein.de\/?page_id=317\"> Continue reading <span class=\"meta-nav\">&rarr; <\/span><\/a><\/p>\n","protected":false},"author":2,"featured_media":0,"parent":0,"menu_order":0,"comment_status":"closed","ping_status":"closed","template":"","meta":{"_mc_calendar":[],"footnotes":""},"class_list":["post-317","page","type-page","status-publish","hentry"],"_links":{"self":[{"href":"https:\/\/gleitschirmfreunde-taunusstein.de\/index.php?rest_route=\/wp\/v2\/pages\/317","targetHints":{"allow":["GET"]}}],"collection":[{"href":"https:\/\/gleitschirmfreunde-taunusstein.de\/index.php?rest_route=\/wp\/v2\/pages"}],"about":[{"href":"https:\/\/gleitschirmfreunde-taunusstein.de\/index.php?rest_route=\/wp\/v2\/types\/page"}],"author":[{"embeddable":true,"href":"https:\/\/gleitschirmfreunde-taunusstein.de\/index.php?rest_route=\/wp\/v2\/users\/2"}],"replies":[{"embeddable":true,"href":"https:\/\/gleitschirmfreunde-taunusstein.de\/index.php?rest_route=%2Fwp%2Fv2%2Fcomments&post=317"}],"version-history":[{"count":42,"href":"https:\/\/gleitschirmfreunde-taunusstein.de\/index.php?rest_route=\/wp\/v2\/pages\/317\/revisions"}],"predecessor-version":[{"id":2679,"href":"https:\/\/gleitschirmfreunde-taunusstein.de\/index.php?rest_route=\/wp\/v2\/pages\/317\/revisions\/2679"}],"wp:attachment":[{"href":"https:\/\/gleitschirmfreunde-taunusstein.de\/index.php?rest_route=%2Fwp%2Fv2%2Fmedia&parent=317"}],"curies":[{"name":"wp","href":"https:\/\/api.w.org\/{rel}","templated":true}]}}