{"id":338,"date":"2013-03-30T19:01:02","date_gmt":"2013-03-30T18:01:02","guid":{"rendered":"http:\/\/wp.gleitschirmfreunde-taunusstein.com\/?page_id=338"},"modified":"2013-05-06T21:10:54","modified_gmt":"2013-05-06T19:10:54","slug":"naturschutz","status":"publish","type":"page","link":"https:\/\/gleitschirmfreunde-taunusstein.de\/?page_id=338","title":{"rendered":"Naturschutz"},"content":{"rendered":"<p>&nbsp;<\/p>\n<p>&nbsp;<\/p>\n<p><strong><span style=\"font-family: arial,helvetica,sans-serif; font-size: medium;\">Gleitschirmfliegen und Naturschutz<\/span><\/strong><\/p>\n<p>&nbsp;<\/p>\n<table border=\"0\">\n<tbody>\n<tr>\n<td><span style=\"font-size: small;\"><img decoding=\"async\" class=\"aligncenter\" style=\"vertical-align: top;\" alt=\"blume\" src=\"http:\/\/gleitschirmfreunde-taunusstein.de\/wp-content\/uploads\/2013\/03\/blume.jpg\" \/><\/span><\/td>\n<td align=\"left\"><span style=\"font-size: small;\"><img loading=\"lazy\" decoding=\"async\" class=\"aligncenter\" style=\"vertical-align: top;\" alt=\"Adler\" src=\"http:\/\/gleitschirmfreunde-taunusstein.de\/wp-content\/uploads\/2013\/03\/adler.jpg\" width=\"206\" height=\"132\" \/><\/span><\/td>\n<td><span style=\"font-size: small;\"><img loading=\"lazy\" decoding=\"async\" class=\"aligncenter\" style=\"vertical-align: top;\" alt=\"Busslinger\" src=\"http:\/\/gleitschirmfreunde-taunusstein.de\/wp-content\/uploads\/2013\/03\/busslinger1.jpg\" width=\"223\" height=\"145\" \/><\/span><\/td>\n<\/tr>\n<\/tbody>\n<\/table>\n<p>&nbsp;<\/p>\n<p><span style=\"font-size: small;\">Mit dieser Seite m\u00f6chten wir einen Beitrag zum Naturschutz leisten. Gleitschirmfliegen ist ein Outdoor-Sport. Wir nutzen die Natur, um unserem Hobby nachzugehen. Wir ben\u00f6tigen Fluggel\u00e4nde; d.h. \u00dcbungsh\u00e4nge f\u00fcr unsere Ausbildung und unser Training sowie Schleppgel\u00e4nde, um auch im Flachland &#8222;in die Luft gehen&#8220; zu k\u00f6nnen.<\/span><br \/>\n<span style=\"font-family: arial,helvetica,sans-serif; font-size: small;\"> Bei all dem Spa\u00df, den wir dabei haben, wollen und d\u00fcrfen wir den Naturschutz dabei nicht vergessen. Wir bitten alle Gleitschirmflieger\/innen die auf dieser Seite stehenden Hinweise zu beachten und sich ausf\u00fchrlich mit dem Thema Naturschutz zu besch\u00e4ftigen.<\/span><\/p>\n<p><span style=\"font-family: arial,helvetica,sans-serif; font-size: small;\">Gleitschirmfliegen ist einer der naturschonensten Flugsportarten, die es gibt. Wir fliegen nicht mit katternden Motoren und auch die Geschwindigkeit, mit der wir uns fortbewegen kann eher als gem\u00e4chlich beschrieben werden. Auch ist die H\u00e4ufiggkeit, mit der wir an einem Start- oder Landeplatz anzutreffen sind nicht besonders hoch. Dies liegt meist an der Abh\u00e4ngigkeit zu den Wind- und Wetterverh\u00e4ltnissen. F\u00fcr den Gleitschirmflieger ist das zwar recht bedauerlich, bedeutet aber f\u00fcr die Fluggebiete, dass sie meist nur selten genutzt werden.<\/span><\/p>\n<p><span style=\"font-size: small;\">\u00a0<\/span><\/p>\n<p><span style=\"font-size: medium;\"><strong><span style=\"font-family: arial,helvetica,sans-serif;\">Verhaltensregeln f\u00fcr Gleitschirmflieger<\/span><\/strong><\/span><\/p>\n<ul>\n<li><span style=\"font-family: arial,helvetica,sans-serif; font-size: small;\"><strong>M\u00f6glichst hoch fliegen<\/strong>, besonders \u00fcber deckungsarmen Fl\u00e4chen, bei Frost und Schnee sowie im Fr\u00fchjahr und Fr\u00fchsommer. <\/span><\/li>\n<li>\n<div><span style=\"font-family: arial,helvetica,sans-serif; font-size: small;\"><strong>Nationalparks, <\/strong>Naturschutzgebiete, Vogelschutzgebiete und Wildf\u00fctterungsstellen meiden. <\/span><\/div>\n<\/li>\n<li>\n<div><span style=\"font-family: arial,helvetica,sans-serif; font-size: small;\"><strong>\u00dcber selten beflogenen Gebieten<\/strong> besonders sorgf\u00e4ltig Flugrouten und Flugh\u00f6hen w\u00e4hlen. \u00dcberraschungseffekte vermeiden. <\/span><\/div>\n<\/li>\n<li>\n<div><span style=\"font-family: arial,helvetica,sans-serif; font-size: small;\"><strong>Auf Fl\u00fcge <\/strong>w\u00e4hrend der D\u00e4mmerung verzichten. <\/span><\/div>\n<\/li>\n<li>\n<div><span style=\"font-family: arial,helvetica,sans-serif; font-size: small;\"><strong>Bei auff\u00e4lligem Verhalten<\/strong> von Greifv\u00f6geln abdrehen und wegfliegen. <\/span><\/div>\n<\/li>\n<li>\n<div><span style=\"font-family: arial,helvetica,sans-serif; font-size: small;\"><strong>Erosionsgef\u00e4hrdete <\/strong>und feuchte Zonen sowie Magerrasen keiner unn\u00f6tigen Trittbelastung aussetzen. <\/span><\/div>\n<\/li>\n<li>\n<div><span style=\"font-family: arial,helvetica,sans-serif; font-size: small;\"><strong>Nicht im hohen Gras<\/strong>, auf bestellten Feldern und auf besetzten Viehweiden und Pferdekoppeln landen oder das Flugger\u00e4t zusammenlegen.<\/span><\/div>\n<\/li>\n<\/ul>\n<p><span style=\"font-family: arial,helvetica,sans-serif; font-size: small;\">\u00a0<\/span><\/p>\n<p><strong><span style=\"font-family: arial,helvetica,sans-serif; font-size: small;\">Weitere Informationen zum Thema:<\/span><\/strong><\/p>\n<table style=\"width: 564px; height: 76px;\" border=\"0\">\n<tbody>\n<tr>\n<td><span style=\"font-family: arial,helvetica,sans-serif; font-size: small;\"><a href=\"http:\/\/www.dhv.de\/typo\/Naturschutz.503.0.html\" target=\"_blank\">Naturschutzseite des DHV<\/a><br \/>\n<\/span><\/td>\n<td><span style=\"font-family: arial,helvetica,sans-serif; font-size: small;\"><a href=\"http:\/\/www.dhv.de\/typo\/Grundlagen.631.0.html\" target=\"_blank\">Studien und Gutachten<\/a><br \/>\n<\/span><\/td>\n<\/tr>\n<tr>\n<td><span style=\"font-size: small;\"><a href=\"http:\/\/www.bfn.de\/\" target=\"_blank\"><span style=\"font-family: arial,helvetica,sans-serif;\">Bundesamt f\u00fcr Naturschutz<\/span><\/a><\/span><\/td>\n<td><span style=\"font-size: small;\"><a href=\"http:\/\/www.natursportinfo.de\/\" target=\"_blank\"><span style=\"font-family: arial,helvetica,sans-serif;\">Natur Soprt Info<\/span><\/a><\/span><\/td>\n<\/tr>\n<tr>\n<td><span style=\"font-size: small;\"><a href=\"http:\/\/www.daec.de\/uw\/downfiles\/Ausbildungsunterlagen\/LuN-4Drachen-undGleitschirmflug.pdf\" target=\"_blank\">Drachen- und Gleitschirmflug<\/a><\/span><\/td>\n<td><span style=\"font-size: small;\">\u00a0<\/span><\/td>\n<\/tr>\n<tr>\n<td><span style=\"font-size: small;\">\u00a0<\/span><\/td>\n<td><span style=\"font-size: small;\">\u00a0<\/span><\/td>\n<\/tr>\n<\/tbody>\n<\/table>\n<p><span style=\"font-size: small;\"><strong><span style=\"font-family: arial,helvetica,sans-serif;\"><br \/>\nGleitschirmfliegen ist naturvertr\u00e4glich<\/span><\/strong><\/span><\/p>\n<p><span style=\"font-size: small;\"><span style=\"font-family: arial,helvetica,sans-serif;\">Peter Janssen, DHV-Ehrenvorsitzender und Vorstandsmitglied im &#8222;Kuratorium Sport und Natur&#8220; (3 Millionen Natursportler), hat zusammen mit dem Deutschen Olympischen Sportbund DOSB ein gemeinsames Grundsatzpapier erarbeitet. Darin ist unter anderem das Gleitschirmfliegen als naturvertr\u00e4gliche Sportart genannt. Im Grundsatzpapier wird auch deutlich, dass naturvertr\u00e4glicher Sport in der Regel keinen Eingriff in die Natur darstellt. Auch der Naturschutzring DNR (Dachverband von Naturschutzverb\u00e4nden) hat dieses Papier unterzeichnet. Hier gibts das Grundsatzpapier als <\/span><a href=\"http:\/\/www.dhv.de\/typo\/fileadmin\/user_upload\/aktuell_zu_halten\/Gelaende\/Kuratorium.pdf\" target=\"_blank\"><span style=\"text-decoration: underline;\"><span style=\"color: #0000ff; font-family: arial,helvetica,sans-serif;\">pdf-Datei <\/span><\/span><\/a><span style=\"font-family: arial,helvetica,sans-serif;\">zum Download.<\/span><\/span><\/p>\n","protected":false},"excerpt":{"rendered":"<p>&nbsp; &nbsp; Gleitschirmfliegen und Naturschutz &nbsp; &nbsp; Mit dieser Seite m\u00f6chten wir einen Beitrag zum Naturschutz leisten. Gleitschirmfliegen ist ein Outdoor-Sport. Wir nutzen die Natur, um unserem Hobby nachzugehen. Wir ben\u00f6tigen Fluggel\u00e4nde; d.h. \u00dcbungsh\u00e4nge f\u00fcr unsere Ausbildung und unser Training sowie Schleppgel\u00e4nde, um auch im Flachland &#8222;in die Luft gehen&#8220; \u2026 <a class=\"continue-reading-link\" href=\"https:\/\/gleitschirmfreunde-taunusstein.de\/?page_id=338\"> Continue reading <span class=\"meta-nav\">&rarr; <\/span><\/a><\/p>\n","protected":false},"author":2,"featured_media":0,"parent":0,"menu_order":0,"comment_status":"closed","ping_status":"closed","template":"","meta":{"_mc_calendar":[],"footnotes":""},"class_list":["post-338","page","type-page","status-publish","hentry"],"_links":{"self":[{"href":"https:\/\/gleitschirmfreunde-taunusstein.de\/index.php?rest_route=\/wp\/v2\/pages\/338","targetHints":{"allow":["GET"]}}],"collection":[{"href":"https:\/\/gleitschirmfreunde-taunusstein.de\/index.php?rest_route=\/wp\/v2\/pages"}],"about":[{"href":"https:\/\/gleitschirmfreunde-taunusstein.de\/index.php?rest_route=\/wp\/v2\/types\/page"}],"author":[{"embeddable":true,"href":"https:\/\/gleitschirmfreunde-taunusstein.de\/index.php?rest_route=\/wp\/v2\/users\/2"}],"replies":[{"embeddable":true,"href":"https:\/\/gleitschirmfreunde-taunusstein.de\/index.php?rest_route=%2Fwp%2Fv2%2Fcomments&post=338"}],"version-history":[{"count":10,"href":"https:\/\/gleitschirmfreunde-taunusstein.de\/index.php?rest_route=\/wp\/v2\/pages\/338\/revisions"}],"predecessor-version":[{"id":343,"href":"https:\/\/gleitschirmfreunde-taunusstein.de\/index.php?rest_route=\/wp\/v2\/pages\/338\/revisions\/343"}],"wp:attachment":[{"href":"https:\/\/gleitschirmfreunde-taunusstein.de\/index.php?rest_route=%2Fwp%2Fv2%2Fmedia&parent=338"}],"curies":[{"name":"wp","href":"https:\/\/api.w.org\/{rel}","templated":true}]}}