{"id":351,"date":"2013-03-30T21:21:58","date_gmt":"2013-03-30T20:21:58","guid":{"rendered":"http:\/\/wp.gleitschirmfreunde-taunusstein.com\/?page_id=351"},"modified":"2013-05-06T20:52:52","modified_gmt":"2013-05-06T18:52:52","slug":"motorschirm","status":"publish","type":"page","link":"https:\/\/gleitschirmfreunde-taunusstein.de\/?page_id=351","title":{"rendered":"Motorschirm"},"content":{"rendered":"<p>&nbsp;<\/p>\n<p><img loading=\"lazy\" decoding=\"async\" alt=\"Flyke\" src=\"http:\/\/gleitschirmfreunde-taunusstein.de\/wp-content\/uploads\/2013\/03\/flykeflug.jpg\" width=\"280\" height=\"210\" \/><\/p>\n<p><b><br \/>\n<span style=\"font-size: medium;\">Motorschirmfliegen<\/span><\/b><\/p>\n<p><span style=\"font-size: small;\"><b><br \/>\n<\/b>Einige unserer Mitglieder praktizieren eine lautere Variante unseres sch\u00f6nen Sports. Das Motorschirmfliegen. Auf dieser Seite m\u00f6chten wir diese sch\u00f6ne Variante vorstellen und mit einem Video einen ersten Eindruck vermitteln.<\/span><\/p>\n<p><span style=\"font-size: small;\">Hier Richard bei seinen Startvorbereitungen:<\/span><\/p>\n<table border=\"0\">\n<tbody>\n<tr>\n<td><img loading=\"lazy\" decoding=\"async\" alt=\"Richadr Flyke 1\" src=\"http:\/\/gleitschirmfreunde-taunusstein.de\/wp-content\/uploads\/2013\/03\/richard1.jpg\" width=\"280\" height=\"210\" \/><\/td>\n<td><img loading=\"lazy\" decoding=\"async\" alt=\"Richard Flyke 2\" src=\"http:\/\/gleitschirmfreunde-taunusstein.de\/wp-content\/uploads\/2013\/03\/richard2.jpg\" width=\"280\" height=\"210\" \/><\/td>\n<\/tr>\n<tr>\n<td><img loading=\"lazy\" decoding=\"async\" alt=\"Richard Flyke 3\" src=\"http:\/\/gleitschirmfreunde-taunusstein.de\/wp-content\/uploads\/2013\/03\/richard3.jpg\" width=\"280\" height=\"210\" \/><\/td>\n<td><\/td>\n<\/tr>\n<\/tbody>\n<\/table>\n<p>&nbsp;<\/p>\n<p><span style=\"font-size: small;\">Ansprechpartner ist Richard Ebner<\/span><br \/>\n<span style=\"font-size: small;\"><a href=\"mailto:richard.ebner@gleitschirmfreunde-taunusstein.de\">richard.ebner@gleitschirmfreunde-taunusstein.de<\/a><\/span><\/p>\n","protected":false},"excerpt":{"rendered":"<p>&nbsp; Motorschirmfliegen Einige unserer Mitglieder praktizieren eine lautere Variante unseres sch\u00f6nen Sports. Das Motorschirmfliegen. Auf dieser Seite m\u00f6chten wir diese sch\u00f6ne Variante vorstellen und mit einem Video einen ersten Eindruck vermitteln. Hier Richard bei seinen Startvorbereitungen: &nbsp; Ansprechpartner ist Richard Ebner richard.ebner@gleitschirmfreunde-taunusstein.de<\/p>\n","protected":false},"author":2,"featured_media":0,"parent":0,"menu_order":0,"comment_status":"closed","ping_status":"closed","template":"","meta":{"_mc_calendar":[],"footnotes":""},"class_list":["post-351","page","type-page","status-publish","hentry"],"_links":{"self":[{"href":"https:\/\/gleitschirmfreunde-taunusstein.de\/index.php?rest_route=\/wp\/v2\/pages\/351","targetHints":{"allow":["GET"]}}],"collection":[{"href":"https:\/\/gleitschirmfreunde-taunusstein.de\/index.php?rest_route=\/wp\/v2\/pages"}],"about":[{"href":"https:\/\/gleitschirmfreunde-taunusstein.de\/index.php?rest_route=\/wp\/v2\/types\/page"}],"author":[{"embeddable":true,"href":"https:\/\/gleitschirmfreunde-taunusstein.de\/index.php?rest_route=\/wp\/v2\/users\/2"}],"replies":[{"embeddable":true,"href":"https:\/\/gleitschirmfreunde-taunusstein.de\/index.php?rest_route=%2Fwp%2Fv2%2Fcomments&post=351"}],"version-history":[{"count":4,"href":"https:\/\/gleitschirmfreunde-taunusstein.de\/index.php?rest_route=\/wp\/v2\/pages\/351\/revisions"}],"predecessor-version":[{"id":488,"href":"https:\/\/gleitschirmfreunde-taunusstein.de\/index.php?rest_route=\/wp\/v2\/pages\/351\/revisions\/488"}],"wp:attachment":[{"href":"https:\/\/gleitschirmfreunde-taunusstein.de\/index.php?rest_route=%2Fwp%2Fv2%2Fmedia&parent=351"}],"curies":[{"name":"wp","href":"https:\/\/api.w.org\/{rel}","templated":true}]}}