{"id":380,"date":"2013-03-30T23:02:36","date_gmt":"2013-03-30T22:02:36","guid":{"rendered":"http:\/\/wp.gleitschirmfreunde-taunusstein.com\/?page_id=380"},"modified":"2025-07-06T14:27:18","modified_gmt":"2025-07-06T12:27:18","slug":"380-2","status":"publish","type":"page","link":"https:\/\/gleitschirmfreunde-taunusstein.de\/?page_id=380","title":{"rendered":"Impressum\/Datenschutzerkl\u00e4rung"},"content":{"rendered":"<p><b>IMPRESSUM<\/b><\/p>\n<p><b>Angaben gem\u00e4\u00df \u00a7 5 TMG:<\/b><\/p>\n<p>Gleitschirmfreunde Taunusstein 1995 e.V.<\/p>\n<p><b>Postanschrift:<\/b><\/p>\n<p>Ziegeleistrasse 10<\/p>\n<p>63768 H\u00f6sbach<\/p>\n<p><b>Kontakt:<\/b><\/p>\n<p>Kontakt aktuell bitte ausschlie\u00dflich \u00fcber Mail<\/p>\n<p>E-Mail: info \u00e4t gleitschirmfreunde-taunusstein.de<\/p>\n<p><b>Vertreten durch:<\/b><\/p>\n<p>Harald Berger<\/p>\n<p><b>Eingetragen am<\/b><\/p>\n<p>AG Wiesbaden<\/p>\n<p>VR 4629<\/p>\n<p><b>Urheberrechtliche Hinweise<\/b><\/p>\n<p>Gleitschirmfreunde Taunusstein 1995 e.V.<\/p>\n<p>Das Impressum wurde mit dem <a href=\"https:\/\/www.activemind.de\/datenschutz\/impressums-generator\/\">Impressums-Generator der activeMind AG<\/a> erstellt.<\/p>\n<p><b>DATENSCHUTZERKL\u00c4RUNG<\/b><\/p>\n<p>Verantwortliche Stelle im Sinne der Datenschutzgesetze, insbesondere der EU-Datenschutzgrundverordnung (DSGVO), ist:<\/p>\n<p>Gleitschirmfreunde Taunusstein 1995 e.V.<span class=\"Apple-converted-space\">\u00a0<\/span><\/p>\n<p>Postanschrift:<span class=\"Apple-converted-space\">\u00a0<\/span><\/p>\n<p>Ziegeleistrasse 10<\/p>\n<p>63768 H\u00f6sbach<span class=\"Apple-converted-space\">\u00a0<\/span><\/p>\n<p>Kontakt:<span class=\"Apple-converted-space\">\u00a0<\/span><\/p>\n<p>E-Mail: Harald.berger \u00e4t <a href=\"http:\/\/gleitschirmfreunde-taunusstein.de\">gleitschirmfreunde-taunusstein.de<\/a><\/p>\n<p><span class=\"Apple-converted-space\">\u00a0<\/span><\/p>\n<p>Vertreten durch:<span class=\"Apple-converted-space\">\u00a0<\/span><\/p>\n<p>Harald Berger<\/p>\n<p><b>Ihre Betroffenenrechte<\/b><\/p>\n<p>Unter den angegebenen Kontaktdaten unseres Vorstand\/Datenschutzbeauftragten k\u00f6nnen Sie jederzeit folgende Rechte aus\u00fcben:<\/p>\n<ul>\n<li>Auskunft \u00fcber Ihre bei uns gespeicherten Daten und deren Verarbeitung,<\/li>\n<li>Berichtigung unrichtiger personenbezogener Daten,<\/li>\n<li>L\u00f6schung Ihrer bei uns gespeicherten Daten,<\/li>\n<li>Einschr\u00e4nkung der Datenverarbeitung, sofern wir Ihre Daten aufgrund gesetzlicher Pflichten noch nicht l\u00f6schen d\u00fcrfen,<\/li>\n<li>Widerspruch gegen die Verarbeitung Ihrer Daten bei uns und<\/li>\n<li>Daten\u00fcbertragbarkeit, sofern Sie in die Datenverarbeitung eingewilligt haben oder einen Vertrag mit uns abgeschlossen haben.<\/li>\n<\/ul>\n<p>Sofern Sie uns eine Einwilligung erteilt haben, k\u00f6nnen Sie diese jederzeit mit Wirkung f\u00fcr die Zukunft widerrufen.<\/p>\n<p>Sie k\u00f6nnen sich jederzeit mit einer Beschwerde an die f\u00fcr Sie zust\u00e4ndige Aufsichtsbeh\u00f6rde wenden. Ihre zust\u00e4ndige Aufsichtsbeh\u00f6rde richtet sich nach dem Bundesland Ihres Wohnsitzes, Ihrer Arbeit oder der mutma\u00dflichen Verletzung. Eine Liste der Aufsichtsbeh\u00f6rden (f\u00fcr den nicht\u00f6ffentlichen Bereich) mit Anschrift finden Sie unter: <a href=\"https:\/\/www.bfdi.bund.de\/DE\/Infothek\/Anschriften_Links\/anschriften_links-node.html\">https:\/\/www.bfdi.bund.de\/DE\/Infothek\/Anschriften_Links\/anschriften_links-node.html<\/a>.<\/p>\n<p><b>Zwecke der Datenverarbeitung durch die verantwortliche Stelle und Dritte<\/b><\/p>\n<p>Wir verarbeiten Ihre personenbezogenen Daten nur zu den in dieser Datenschutzerkl\u00e4rung genannten Zwecken. Eine \u00dcbermittlung Ihrer pers\u00f6nlichen Daten an Dritte zu anderen als den genannten Zwecken findet nicht statt. Wir geben Ihre pers\u00f6nlichen Daten nur an Dritte weiter, wenn:<\/p>\n<ul>\n<li>Sie Ihre ausdr\u00fcckliche Einwilligung dazu erteilt haben,<\/li>\n<li>die Verarbeitung zur Abwicklung eines Vertrags mit Ihnen erforderlich ist,<\/li>\n<li>die Verarbeitung zur Erf\u00fcllung einer rechtlichen Verpflichtung erforderlich ist,<\/li>\n<\/ul>\n<p>die Verarbeitung zur Wahrung berechtigter Interessen erforderlich ist und kein Grund zur Annahme besteht, dass Sie ein \u00fcberwiegendes schutzw\u00fcrdiges Interesse an der Nichtweitergabe Ihrer Daten haben.<\/p>\n<p><b>Registrierung auf unserer Webseite<\/b><\/p>\n<p>Bei der Registrierung f\u00fcr die Nutzung unserer personalisierten Leistungen werden einige personenbezogene Daten erhoben, wie Name, Anschrift, Kontakt- und Kommunikationsdaten wie Telefonnummer und E-Mail-Adresse. Sind Sie bei uns registriert, k\u00f6nnen Sie auf Inhalte und Leistungen zugreifen, die wir nur registrierten Nutzern anbieten. Angemeldete Nutzer haben zudem die M\u00f6glichkeit, bei Bedarf die bei Registrierung angegebenen Daten jederzeit zu \u00e4ndern oder zu l\u00f6schen. Selbstverst\u00e4ndlich erteilen wir Ihnen dar\u00fcber hinaus jederzeit Auskunft \u00fcber die von uns \u00fcber Sie gespeicherten personenbezogenen Daten. Gerne berichtigen bzw. l\u00f6schen wir diese auch auf Ihren Wunsch, soweit keine gesetzlichen Aufbewahrungspflichten entgegenstehen. Zur Kontaktaufnahme in diesem Zusammenhang nutzen Sie bitte die am Ende dieser Datenschutzerkl\u00e4rung angegebenen Kontaktdaten.<\/p>\n<p><b>SSL-Verschl\u00fcsselung<\/b><\/p>\n<p>Um die Sicherheit Ihrer Daten bei der \u00dcbertragung zu sch\u00fctzen, verwenden wir dem aktuellen Stand der Technik entsprechende Verschl\u00fcsselungsverfahren (z. B. SSL) \u00fcber HTTPS.<\/p>\n<p><b>Kommentarfunktion<\/b><\/p>\n<p>Wenn Nutzer Kommentare auf unserer Website hinterlassen, werden neben diesen Angaben auch der Zeitpunkt ihrer Erstellung und der zuvor durch den Websitebesucher gew\u00e4hlte Nutzername gespeichert. Dies dient unserer Sicherheit, da wir f\u00fcr widerrechtliche Inhalte auf unserer Webseite belangt werden k\u00f6nnen, auch wenn diese durch Benutzer erstellt wurden.<\/p>\n<p><b>Kontaktformular<\/b><\/p>\n<p>Treten Sie bzgl. Fragen jeglicher Art per E-Mail oder Kontaktformular mit uns in Kontakt, erteilen Sie uns zum Zwecke der Kontaktaufnahme Ihre freiwillige Einwilligung. Hierf\u00fcr ist die Angabe einer validen E-Mail-Adresse erforderlich. Diese dient der Zuordnung der Anfrage und der anschlie\u00dfenden Beantwortung derselben. Die Angabe weiterer Daten ist optional. Die von Ihnen gemachten Angaben werden zum Zwecke der Bearbeitung der Anfrage sowie f\u00fcr m\u00f6gliche Anschlussfragen gespeichert. Nach Erledigung der von Ihnen gestellten Anfrage werden personenbezogene Daten automatisch gel\u00f6scht.<\/p>\n<p><b>Eingebettete YouTube-Videos<\/b><\/p>\n<p>Auf einigen unserer Webseiten betten wir Youtube-Videos ein. Betreiber der entsprechenden Plugins ist die YouTube, LLC, 901 Cherry Ave., San Bruno, CA 94066, USA. Wenn Sie eine Seite mit dem YouTube-Plugin besuchen, wird eine Verbindung zu Servern von Youtube hergestellt. Dabei wird Youtube mitgeteilt, welche Seiten Sie besuchen. Wenn Sie in Ihrem Youtube-Account eingeloggt sind, kann Youtube Ihr Surfverhalten Ihnen pers\u00f6nlich zuzuordnen. Dies verhindern Sie, indem Sie sich vorher aus Ihrem Youtube-Account ausloggen.<\/p>\n<p>Wird ein Youtube-Video gestartet, setzt der Anbieter Cookies ein, die Hinweise \u00fcber das Nutzerverhalten sammeln.<\/p>\n<p>Wer das Speichern von Cookies f\u00fcr das Google-Ad-Programm deaktiviert hat, wird auch beim Anschauen von Youtube-Videos mit keinen solchen Cookies rechnen m\u00fcssen. Youtube legt aber auch in anderen Cookies nicht-personenbezogene Nutzungsinformationen ab. M\u00f6chten Sie dies verhindern, so m\u00fcssen Sie das Speichern von Cookies im Browser blockieren.<\/p>\n<p>Weitere Informationen zum Datenschutz bei \u201eYoutube\u201c finden Sie in der Datenschutzerkl\u00e4rung des Anbieters unter: <a href=\"https:\/\/www.google.de\/intl\/de\/policies\/privacy\/\">https:\/\/www.google.de\/intl\/de\/policies\/privacy\/<\/a><\/p>\n<p><b>\u00c4nderung unserer Datenschutzbestimmungen<\/b><\/p>\n<p>Wir behalten uns vor, diese Datenschutzerkl\u00e4rung anzupassen, damit sie stets den aktuellen rechtlichen Anforderungen entspricht oder um \u00c4nderungen unserer Leistungen in der Datenschutzerkl\u00e4rung umzusetzen, z.B. bei der Einf\u00fchrung neuer Services. F\u00fcr Ihren erneuten Besuch gilt dann die neue Datenschutzerkl\u00e4rung.<\/p>\n<p><b>Fragen an den Vorstand \/Datenschutzbeauftragten<\/b><\/p>\n<p>Wenn Sie Fragen zum Datenschutz haben, schreiben Sie uns bitte eine E-Mail oder wenden Sie sich direkt an die f\u00fcr den Datenschutz verantwortliche Person in unserer Organisation:<\/p>\n<p>Gleitschirmfreunde Taunusstein 1995 e.V.<span class=\"Apple-converted-space\">\u00a0<\/span><\/p>\n<p>Postanschrift:<span class=\"Apple-converted-space\">\u00a0<\/span><\/p>\n<p>Ziegeleistrasse 10<span class=\"Apple-converted-space\">\u00a0<\/span><\/p>\n<p>63768 H\u00f6sbach<span class=\"Apple-converted-space\">\u00a0<\/span><\/p>\n<p>Kontakt:<span class=\"Apple-converted-space\">\u00a0<\/span><\/p>\n<p>Telefon:<\/p>\n<p>E-Mail: harald.berger \u00e4t gleitschirmfreunde-taunusstein.de<span class=\"Apple-converted-space\">\u00a0<\/span><\/p>\n<p>Vertreten durch:<span class=\"Apple-converted-space\">\u00a0<\/span><\/p>\n<p>Harald Berger<\/p>\n<p>Die Datenschutzerkl\u00e4rung wurde mit dem <a href=\"https:\/\/www.activemind.de\/datenschutz\/datenschutzhinweis-generator\/\">Datenschutzerkl\u00e4rungs-Generator der activeMind AG erstellt<\/a>.<\/p>\n","protected":false},"excerpt":{"rendered":"<p>IMPRESSUM Angaben gem\u00e4\u00df \u00a7 5 TMG: Gleitschirmfreunde Taunusstein 1995 e.V. Postanschrift: Ziegeleistrasse 10 63768 H\u00f6sbach Kontakt: Kontakt aktuell bitte ausschlie\u00dflich \u00fcber Mail E-Mail: info \u00e4t gleitschirmfreunde-taunusstein.de Vertreten durch: Harald Berger Eingetragen am AG Wiesbaden VR 4629 Urheberrechtliche Hinweise Gleitschirmfreunde Taunusstein 1995 e.V. Das Impressum wurde mit dem Impressums-Generator der activeMind \u2026 <a class=\"continue-reading-link\" href=\"https:\/\/gleitschirmfreunde-taunusstein.de\/?page_id=380\"> Continue reading <span class=\"meta-nav\">&rarr; <\/span><\/a><\/p>\n","protected":false},"author":2,"featured_media":0,"parent":0,"menu_order":0,"comment_status":"closed","ping_status":"closed","template":"","meta":{"_mc_calendar":[],"footnotes":""},"class_list":["post-380","page","type-page","status-publish","hentry"],"_links":{"self":[{"href":"https:\/\/gleitschirmfreunde-taunusstein.de\/index.php?rest_route=\/wp\/v2\/pages\/380","targetHints":{"allow":["GET"]}}],"collection":[{"href":"https:\/\/gleitschirmfreunde-taunusstein.de\/index.php?rest_route=\/wp\/v2\/pages"}],"about":[{"href":"https:\/\/gleitschirmfreunde-taunusstein.de\/index.php?rest_route=\/wp\/v2\/types\/page"}],"author":[{"embeddable":true,"href":"https:\/\/gleitschirmfreunde-taunusstein.de\/index.php?rest_route=\/wp\/v2\/users\/2"}],"replies":[{"embeddable":true,"href":"https:\/\/gleitschirmfreunde-taunusstein.de\/index.php?rest_route=%2Fwp%2Fv2%2Fcomments&post=380"}],"version-history":[{"count":16,"href":"https:\/\/gleitschirmfreunde-taunusstein.de\/index.php?rest_route=\/wp\/v2\/pages\/380\/revisions"}],"predecessor-version":[{"id":2893,"href":"https:\/\/gleitschirmfreunde-taunusstein.de\/index.php?rest_route=\/wp\/v2\/pages\/380\/revisions\/2893"}],"wp:attachment":[{"href":"https:\/\/gleitschirmfreunde-taunusstein.de\/index.php?rest_route=%2Fwp%2Fv2%2Fmedia&parent=380"}],"curies":[{"name":"wp","href":"https:\/\/api.w.org\/{rel}","templated":true}]}}