{"id":50,"date":"2013-03-25T10:51:44","date_gmt":"2013-03-25T08:51:44","guid":{"rendered":"http:\/\/wp.gleitschirmfreunde-taunusstein.com\/?page_id=50"},"modified":"2013-03-25T10:51:44","modified_gmt":"2013-03-25T08:51:44","slug":"unser-verein","status":"publish","type":"page","link":"https:\/\/gleitschirmfreunde-taunusstein.de\/?page_id=50","title":{"rendered":"Unser Verein"},"content":{"rendered":"<p>In diesem Verzeichnis findest Du einige Informationen \u00fcber unseren Verein.\u00a0 Gerne informieren wir Dich \u00fcber die Vorteile einer Mitgliedschaft.<span style=\"font-family: arial,helvetica,sans-serif;\"><\/p>\n<p>Viel Spa\u00df beim St\u00f6bern!<\/span><\/p>\n","protected":false},"excerpt":{"rendered":"<p>In diesem Verzeichnis findest Du einige Informationen \u00fcber unseren Verein.\u00a0 Gerne informieren wir Dich \u00fcber die Vorteile einer Mitgliedschaft. Viel Spa\u00df beim St\u00f6bern!<\/p>\n","protected":false},"author":2,"featured_media":0,"parent":0,"menu_order":0,"comment_status":"closed","ping_status":"closed","template":"","meta":{"_mc_calendar":[],"footnotes":""},"class_list":["post-50","page","type-page","status-publish","hentry"],"_links":{"self":[{"href":"https:\/\/gleitschirmfreunde-taunusstein.de\/index.php?rest_route=\/wp\/v2\/pages\/50","targetHints":{"allow":["GET"]}}],"collection":[{"href":"https:\/\/gleitschirmfreunde-taunusstein.de\/index.php?rest_route=\/wp\/v2\/pages"}],"about":[{"href":"https:\/\/gleitschirmfreunde-taunusstein.de\/index.php?rest_route=\/wp\/v2\/types\/page"}],"author":[{"embeddable":true,"href":"https:\/\/gleitschirmfreunde-taunusstein.de\/index.php?rest_route=\/wp\/v2\/users\/2"}],"replies":[{"embeddable":true,"href":"https:\/\/gleitschirmfreunde-taunusstein.de\/index.php?rest_route=%2Fwp%2Fv2%2Fcomments&post=50"}],"version-history":[{"count":2,"href":"https:\/\/gleitschirmfreunde-taunusstein.de\/index.php?rest_route=\/wp\/v2\/pages\/50\/revisions"}],"predecessor-version":[{"id":52,"href":"https:\/\/gleitschirmfreunde-taunusstein.de\/index.php?rest_route=\/wp\/v2\/pages\/50\/revisions\/52"}],"wp:attachment":[{"href":"https:\/\/gleitschirmfreunde-taunusstein.de\/index.php?rest_route=%2Fwp%2Fv2%2Fmedia&parent=50"}],"curies":[{"name":"wp","href":"https:\/\/api.w.org\/{rel}","templated":true}]}}