{"id":569,"date":"2013-05-11T20:25:45","date_gmt":"2013-05-11T18:25:45","guid":{"rendered":"http:\/\/gleitschirmfreunde-taunusstein.de\/?page_id=569"},"modified":"2024-09-12T15:25:15","modified_gmt":"2024-09-12T13:25:15","slug":"video","status":"publish","type":"page","link":"https:\/\/gleitschirmfreunde-taunusstein.de\/?page_id=569","title":{"rendered":"Video"},"content":{"rendered":"<p>\u00d6l\u00fcdeniz 2024<\/p>\n<p><video controls=\"controls\" width=\"300\" height=\"150\" data-mce-fragment=\"1\"><source src=\"http:\/\/gleitschirmfreunde-taunusstein.de\/wp-content\/uploads\/2024\/09\/IMG_6914.mov\" \/><\/video><\/p>\n<p>\u00d6l\u00fcdeniz 2022<\/p>\n<p><video controls=\"controls\" width=\"300\" height=\"150\"><source src=\"http:\/\/gleitschirmfreunde-taunusstein.de\/wp-content\/uploads\/2023\/01\/IMG_7760.mov\" \/><\/video><video controls=\"controls\" width=\"300\" height=\"150\"><source src=\"http:\/\/gleitschirmfreunde-taunusstein.de\/wp-content\/uploads\/2023\/01\/65ffab0f-0f3c-418d-887f-d67bbe4c48f9.mp4\" type=\"video\/mp4\" \/><\/video><video controls=\"controls\" width=\"300\" height=\"150\"><source src=\"http:\/\/gleitschirmfreunde-taunusstein.de\/wp-content\/uploads\/2023\/01\/064f746f-66e6-45c9-bb57-1c0bf28c9ad8.mp4\" type=\"video\/mp4\" \/><\/video><video controls=\"controls\" width=\"300\" height=\"150\"><source src=\"http:\/\/gleitschirmfreunde-taunusstein.de\/wp-content\/uploads\/2023\/01\/cb6de816-38d7-4121-9fe7-52debafa4551.mp4\" type=\"video\/mp4\" \/><\/video><\/p>\n<p>&nbsp;<\/p>\n<p>GT-Tour 2020<\/p>\n<p><iframe loading=\"lazy\" src=\"\/\/player.vimeo.com\/video\/469240845?title=0&amp;byline=0&amp;portrait=0&amp;color=8dc7dc\" width=\"425\" height=\"350\" allowfullscreen=\"allowfullscreen\"><\/iframe><\/p>\n<p>&nbsp;<\/p>\n<p>Greifenburg 2019<\/p>\n<p><iframe loading=\"lazy\" src=\"\/\/player.vimeo.com\/video\/365949990?title=0&amp;byline=0&amp;portrait=0&amp;color=8dc7dc\" width=\"425\" height=\"350\" allowfullscreen=\"allowfullscreen\"><\/iframe><\/p>\n<p>&nbsp;<\/p>\n<p>Greifenburg 2018<\/p>\n<p><iframe loading=\"lazy\" src=\"\/\/player.vimeo.com\/video\/291963216?title=0&amp;byline=0&amp;portrait=0&amp;color=8dc7dc\" width=\"425\" height=\"350\" allowfullscreen=\"allowfullscreen\"><\/iframe><\/p>\n<p>&nbsp;<\/p>\n<p>\u00d6l\u00fcdeniz 2017<\/p>\n<p><iframe loading=\"lazy\" src=\"\/\/www.youtube.com\/embed\/44ZXZ0B5cgY\" width=\"560\" height=\"314\" allowfullscreen=\"allowfullscreen\"><\/iframe><\/p>\n<p>\u00d6l\u00fcdeniz 2016<\/p>\n<p><iframe loading=\"lazy\" src=\"\/\/www.youtube.com\/embed\/1DsxJNpit38\" width=\"560\" height=\"314\" allowfullscreen=\"allowfullscreen\"><\/iframe><\/p>\n<p>\u00d6l\u00fcdeniz 2013<\/p>\n<p><iframe loading=\"lazy\" src=\"\/\/www.youtube.com\/embed\/RmR1qX0ftjc\" width=\"425\" height=\"350\" frameborder=\"0\"><\/iframe><\/p>\n<p>Lenk 2013<\/p>\n<p><iframe loading=\"lazy\" src=\"\/\/www.youtube.com\/embed\/aHGuyu-wInM\" width=\"425\" height=\"350\" frameborder=\"0\"><\/iframe><\/p>\n<p>Weitental 2013<\/p>\n<p><iframe loading=\"lazy\" src=\"\/\/www.youtube.com\/embed\/q6qcg_yBwjs\" width=\"425\" height=\"350\" frameborder=\"0\"><\/iframe><\/p>\n<p>\u00d6l\u00fcdeniz 2012<\/p>\n<p><iframe loading=\"lazy\" src=\"\/\/www.youtube.com\/embed\/3fLK-LVqJtQ\" width=\"425\" height=\"350\" frameborder=\"0\"><\/iframe><\/p>\n<p>Schleppen Laufenselde 2011<\/p>\n<p><iframe loading=\"lazy\" src=\"\/\/www.youtube.com\/embed\/BOv-2Gfi1EQ\" width=\"425\" height=\"350\" frameborder=\"0\"><\/iframe><\/p>\n<p>\u00d6l\u00fcdeniz 2009<\/p>\n<p><iframe loading=\"lazy\" src=\"\/\/www.youtube.com\/embed\/IrDS75_7nUI\" width=\"425\" height=\"350\" frameborder=\"0\"><\/iframe><\/p>\n<p>S\u00fcdtirol 2009<\/p>\n<p><iframe loading=\"lazy\" src=\"\/\/www.youtube.com\/embed\/Fqt6GFdlR5c\" width=\"425\" height=\"350\" frameborder=\"0\"><\/iframe><\/p>\n<p>\u00d6l\u00fcdeniz 2008<\/p>\n<p><iframe loading=\"lazy\" src=\"\/\/www.youtube.com\/embed\/cp5P0f8rh5Q\" width=\"425\" height=\"350\" frameborder=\"0\"><\/iframe><\/p>\n<p>\u00d6l\u00fcdeniz 2007<\/p>\n<p><iframe loading=\"lazy\" src=\"\/\/www.youtube.com\/embed\/6OXwZ9gBfKs\" width=\"425\" height=\"350\" frameborder=\"0\"><\/iframe><\/p>\n<p>&nbsp;<\/p>\n","protected":false},"excerpt":{"rendered":"<p>\u00d6l\u00fcdeniz 2024 \u00d6l\u00fcdeniz 2022 &nbsp; GT-Tour 2020 &nbsp; Greifenburg 2019 &nbsp; Greifenburg 2018 &nbsp; \u00d6l\u00fcdeniz 2017 \u00d6l\u00fcdeniz 2016 \u00d6l\u00fcdeniz 2013 Lenk 2013 Weitental 2013 \u00d6l\u00fcdeniz 2012 Schleppen Laufenselde 2011 \u00d6l\u00fcdeniz 2009 S\u00fcdtirol 2009 \u00d6l\u00fcdeniz 2008 \u00d6l\u00fcdeniz 2007 &nbsp;<\/p>\n","protected":false},"author":2,"featured_media":0,"parent":0,"menu_order":0,"comment_status":"closed","ping_status":"closed","template":"","meta":{"_mc_calendar":[],"footnotes":""},"class_list":["post-569","page","type-page","status-publish","hentry"],"_links":{"self":[{"href":"https:\/\/gleitschirmfreunde-taunusstein.de\/index.php?rest_route=\/wp\/v2\/pages\/569","targetHints":{"allow":["GET"]}}],"collection":[{"href":"https:\/\/gleitschirmfreunde-taunusstein.de\/index.php?rest_route=\/wp\/v2\/pages"}],"about":[{"href":"https:\/\/gleitschirmfreunde-taunusstein.de\/index.php?rest_route=\/wp\/v2\/types\/page"}],"author":[{"embeddable":true,"href":"https:\/\/gleitschirmfreunde-taunusstein.de\/index.php?rest_route=\/wp\/v2\/users\/2"}],"replies":[{"embeddable":true,"href":"https:\/\/gleitschirmfreunde-taunusstein.de\/index.php?rest_route=%2Fwp%2Fv2%2Fcomments&post=569"}],"version-history":[{"count":18,"href":"https:\/\/gleitschirmfreunde-taunusstein.de\/index.php?rest_route=\/wp\/v2\/pages\/569\/revisions"}],"predecessor-version":[{"id":2856,"href":"https:\/\/gleitschirmfreunde-taunusstein.de\/index.php?rest_route=\/wp\/v2\/pages\/569\/revisions\/2856"}],"wp:attachment":[{"href":"https:\/\/gleitschirmfreunde-taunusstein.de\/index.php?rest_route=%2Fwp%2Fv2%2Fmedia&parent=569"}],"curies":[{"name":"wp","href":"https:\/\/api.w.org\/{rel}","templated":true}]}}