{"id":77,"date":"2013-03-25T18:01:18","date_gmt":"2013-03-25T16:01:18","guid":{"rendered":"http:\/\/wp.gleitschirmfreunde-taunusstein.com\/?page_id=77"},"modified":"2025-07-25T08:49:45","modified_gmt":"2025-07-25T06:49:45","slug":"fluggelande","status":"publish","type":"page","link":"https:\/\/gleitschirmfreunde-taunusstein.de\/?page_id=77","title":{"rendered":"Fluggel\u00e4nde"},"content":{"rendered":"<p>Bitte beachtet, dass in Zeiten der Heuernte die Hangstartgel\u00e4nde teilweise nicht nutzbar sind. Sehr euch die die Situation vor vor Ort an. Ungem\u00e4hte Wiesen sind grunds\u00e4tzlich nicht zu betreten.<\/p>\n<p>\u00dcbersicht <a href=\"https:\/\/gleitschirmfreunde-taunusstein.de\/?page_id=80\" target=\"_blank\" rel=\"noopener noreferrer\">Hangstart-Gel\u00e4nde<br \/>\n<\/a>\u00dcbersicht <a href=\"https:\/\/gleitschirmfreunde-taunusstein.de\/?page_id=82\" target=\"_blank\" rel=\"noopener noreferrer\">Windenstart-Gel\u00e4nde<\/a><\/p>\n<p><strong><span style=\"font-size: small;\"><span style=\"font-size: medium;\">Liebe Gleitschirmfreunde,<\/span> <\/span><\/strong><\/p>\n<p><span style=\"font-size: small;\">bitte beachtet, dass vor\u00a0 der Nutzung der Gel\u00e4nde der Erwerb einer\u00a0 Start-\/Landeberechtigung erforderlich ist. Die Kosten hierf\u00fcr betragen 15 \u20ac pro\u00a0 Person, Gel\u00e4nde und Jahr. F\u00fcr Vereinsmitglieder ist die Nutzung der Gel\u00e4nde nat\u00fcrlich ohne zus\u00e4tzliche Kosten.<\/span><\/p>\n<p>Nach\u00a0 \u00dcberweisung auf unser Konto (siehe unten) unter Angabe Deines Namens\u00a0 und des Fluggel\u00e4ndes, sendest Du bitte eine eMail mit Deiner vollst\u00e4ndigen Adresse an:<\/p>\n<p><a href=\"mailto:info@gleitschirmfreunde-taunusstein.de\">info [\u00e4t] gleitschirmfreunde-taunusstein.de<\/a><\/p>\n<p>&nbsp;<\/p>\n<p><a title=\"DHV Fluggel\u00e4nde Datenbank\" href=\"http:\/\/www.dhv.de\/db2\/geostart.php\" target=\"_blank\" rel=\"noopener noreferrer\"><img loading=\"lazy\" decoding=\"async\" src=\"http:\/\/gleitschirmfreunde-taunusstein.de\/wp-content\/uploads\/2013\/05\/icon_fluggelaende_datenbank.jpg\" alt=\"DHV Fluggel\u00e4nde Datenbank\" width=\"310\" height=\"158\" \/><\/a><\/p>\n<p><span style=\"font-size: small;\">\u00a0<\/span><\/p>\n<p><span style=\"font-size: small;\"><b><span style=\"text-decoration: underline;\">Bankverbindung: Wiesbadener Volksbank\u00a0<\/span><\/b><\/span><\/p>\n<p>IBAN: DE89\u00a0<span dir=\"ltr\">5109 0000 0071 1710<\/span>\u00a000<\/p>\n","protected":false},"excerpt":{"rendered":"<p>Bitte beachtet, dass in Zeiten der Heuernte die Hangstartgel\u00e4nde teilweise nicht nutzbar sind. Sehr euch die die Situation vor vor Ort an. Ungem\u00e4hte Wiesen sind grunds\u00e4tzlich nicht zu betreten. \u00dcbersicht Hangstart-Gel\u00e4nde \u00dcbersicht Windenstart-Gel\u00e4nde Liebe Gleitschirmfreunde, bitte beachtet, dass vor\u00a0 der Nutzung der Gel\u00e4nde der Erwerb einer\u00a0 Start-\/Landeberechtigung erforderlich ist. Die \u2026 <a class=\"continue-reading-link\" href=\"https:\/\/gleitschirmfreunde-taunusstein.de\/?page_id=77\"> Continue reading <span class=\"meta-nav\">&rarr; <\/span><\/a><\/p>\n","protected":false},"author":2,"featured_media":0,"parent":0,"menu_order":0,"comment_status":"closed","ping_status":"closed","template":"","meta":{"_mc_calendar":[],"footnotes":""},"class_list":["post-77","page","type-page","status-publish","hentry"],"_links":{"self":[{"href":"https:\/\/gleitschirmfreunde-taunusstein.de\/index.php?rest_route=\/wp\/v2\/pages\/77","targetHints":{"allow":["GET"]}}],"collection":[{"href":"https:\/\/gleitschirmfreunde-taunusstein.de\/index.php?rest_route=\/wp\/v2\/pages"}],"about":[{"href":"https:\/\/gleitschirmfreunde-taunusstein.de\/index.php?rest_route=\/wp\/v2\/types\/page"}],"author":[{"embeddable":true,"href":"https:\/\/gleitschirmfreunde-taunusstein.de\/index.php?rest_route=\/wp\/v2\/users\/2"}],"replies":[{"embeddable":true,"href":"https:\/\/gleitschirmfreunde-taunusstein.de\/index.php?rest_route=%2Fwp%2Fv2%2Fcomments&post=77"}],"version-history":[{"count":25,"href":"https:\/\/gleitschirmfreunde-taunusstein.de\/index.php?rest_route=\/wp\/v2\/pages\/77\/revisions"}],"predecessor-version":[{"id":2896,"href":"https:\/\/gleitschirmfreunde-taunusstein.de\/index.php?rest_route=\/wp\/v2\/pages\/77\/revisions\/2896"}],"wp:attachment":[{"href":"https:\/\/gleitschirmfreunde-taunusstein.de\/index.php?rest_route=%2Fwp%2Fv2%2Fmedia&parent=77"}],"curies":[{"name":"wp","href":"https:\/\/api.w.org\/{rel}","templated":true}]}}