{"id":92,"date":"2013-03-25T18:12:58","date_gmt":"2013-03-25T16:12:58","guid":{"rendered":"http:\/\/wp.gleitschirmfreunde-taunusstein.com\/?page_id=92"},"modified":"2026-04-27T08:37:02","modified_gmt":"2026-04-27T06:37:02","slug":"mitglied-werden","status":"publish","type":"page","link":"https:\/\/gleitschirmfreunde-taunusstein.de\/?page_id=92","title":{"rendered":"Mitglied werden"},"content":{"rendered":"<p><span style=\"font-size: small;\"><span style=\"font-family: arial,helvetica,sans-serif;\"><span style=\"font-size: medium;\"><strong><br \/>\nAls Vereinsmitglied hast Du viele Vorteile!<\/strong><\/span><br \/>\n<\/span><\/span><\/p>\n<p>Du kannst alle Fluggel\u00e4nde des Vereins kostenlos benutzen.<\/p>\n<table style=\"border-collapse: collapse; width: 100%;\">\n<tbody>\n<tr>\n<td style=\"width: 50%;\">Aufnahmegeb\u00fchr<\/td>\n<td style=\"width: 50%;\">Jahresgeb\u00fchr<\/td>\n<\/tr>\n<tr>\n<td style=\"width: 50%;\">60 \u20ac<\/td>\n<td style=\"width: 50%;\">60 \u20ac<\/td>\n<\/tr>\n<\/tbody>\n<\/table>\n<p><span style=\"font-family: arial,helvetica,sans-serif;\">Eine verg\u00fcnstigte Mitgliedschaft beim <a href=\"http:\/\/www.dhv.de\" target=\"_blank\" rel=\"noopener\">DHV<\/a> kann \u00fcber den Verein beantragt werden. <\/span><\/p>\n<p><span style=\"font-family: arial,helvetica,sans-serif;\">&#8211; Versicherungsschutz \u00fcber die Gruppenhaftpflichtversicherung des DHV <\/span><\/p>\n<p><span style=\"font-size: small;\"><span style=\"font-family: arial,helvetica,sans-serif;\">Alle Vereinsmitglieder haben auch die M\u00f6glichkeit, die meisten Fluggel\u00e4nde unseres Kooperationspartners &#8222;Gleitschirmfreunde Rhein-Mosel-Lahn&#8220; kostenlos zu benutzen.<\/span><\/span><\/p>\n<p>&nbsp;<\/p>\n<p>Weitere Informationen per Mail unter: info (\u00e4t) gleitschirmfreunde-taunusstein.de<\/p>\n<p><a href=\"http:\/\/gleitschirmfreunde-taunusstein.de\/wp-content\/uploads\/2024\/01\/Satzung-gescannt_2019.pdf\">Satzung<\/a><\/p>\n<p><a href=\"http:\/\/gleitschirmfreunde-taunusstein.de\/wp-content\/uploads\/2026\/04\/A04-Aufnahmeantrag-20260427.pdf\" target=\"_blank\" rel=\"noopener\">Antrag Mitgliedschaft<\/a><\/p>\n","protected":false},"excerpt":{"rendered":"<p>Als Vereinsmitglied hast Du viele Vorteile! Du kannst alle Fluggel\u00e4nde des Vereins kostenlos benutzen. Aufnahmegeb\u00fchr Jahresgeb\u00fchr 60 \u20ac 60 \u20ac Eine verg\u00fcnstigte Mitgliedschaft beim DHV kann \u00fcber den Verein beantragt werden. &#8211; Versicherungsschutz \u00fcber die Gruppenhaftpflichtversicherung des DHV Alle Vereinsmitglieder haben auch die M\u00f6glichkeit, die meisten Fluggel\u00e4nde unseres Kooperationspartners &#8222;Gleitschirmfreunde \u2026 <a class=\"continue-reading-link\" href=\"https:\/\/gleitschirmfreunde-taunusstein.de\/?page_id=92\"> Continue reading <span class=\"meta-nav\">&rarr; <\/span><\/a><\/p>\n","protected":false},"author":2,"featured_media":0,"parent":0,"menu_order":0,"comment_status":"closed","ping_status":"closed","template":"","meta":{"_mc_calendar":[],"footnotes":""},"class_list":["post-92","page","type-page","status-publish","hentry"],"_links":{"self":[{"href":"https:\/\/gleitschirmfreunde-taunusstein.de\/index.php?rest_route=\/wp\/v2\/pages\/92","targetHints":{"allow":["GET"]}}],"collection":[{"href":"https:\/\/gleitschirmfreunde-taunusstein.de\/index.php?rest_route=\/wp\/v2\/pages"}],"about":[{"href":"https:\/\/gleitschirmfreunde-taunusstein.de\/index.php?rest_route=\/wp\/v2\/types\/page"}],"author":[{"embeddable":true,"href":"https:\/\/gleitschirmfreunde-taunusstein.de\/index.php?rest_route=\/wp\/v2\/users\/2"}],"replies":[{"embeddable":true,"href":"https:\/\/gleitschirmfreunde-taunusstein.de\/index.php?rest_route=%2Fwp%2Fv2%2Fcomments&post=92"}],"version-history":[{"count":9,"href":"https:\/\/gleitschirmfreunde-taunusstein.de\/index.php?rest_route=\/wp\/v2\/pages\/92\/revisions"}],"predecessor-version":[{"id":2964,"href":"https:\/\/gleitschirmfreunde-taunusstein.de\/index.php?rest_route=\/wp\/v2\/pages\/92\/revisions\/2964"}],"wp:attachment":[{"href":"https:\/\/gleitschirmfreunde-taunusstein.de\/index.php?rest_route=%2Fwp%2Fv2%2Fmedia&parent=92"}],"curies":[{"name":"wp","href":"https:\/\/api.w.org\/{rel}","templated":true}]}}